{"id":8,"date":"2023-11-22T18:56:12","date_gmt":"2023-11-22T21:56:12","guid":{"rendered":"http:\/\/nyfsolucionesit.com\/index.php\/about\/"},"modified":"2023-11-22T18:56:12","modified_gmt":"2023-11-22T21:56:12","slug":"about","status":"publish","type":"page","link":"https:\/\/nyfsolucionesit.com\/index.php\/about\/","title":{"rendered":"About"},"content":{"rendered":"\n<section class=\"hts-section hts-page hts-about\">\n    <div class=\"hts-about-header\">\n        <div class=\"hts-about-header-content\">\n            <div class=\"hts-about-body\">\n                <div>\n                    <h1>Sobre nosotros<\/h1>\n                    <p>Brindando soluciones inform\u00e1ticas y tecnol\u00f3gicas<\/p>\n                <\/div>\n            <\/div>\n            <div class=\"hts-about-image\">\n                <div class=\"hts-image-wrapper\">\n                    <img decoding=\"async\" src=\"https:\/\/images.unsplash.com\/photo-1605712916066-e143c317df72?crop=entropy\" title=\"Photo by Edge2Edge Media\" alt=\"black puzzle piece on white paper\">                    <span class=\"hts-unsplash-data\">Photo by <a href=\"https:\/\/unsplash.com\/@edge2edgemedia?utm_source=hostinger&#038;utm_medium=referral\" rel=\"nofollow\">Edge2Edge Media<\/a> on <a href=\"https:\/\/unsplash.com\/?utm_source=hostinger&#038;utm_medium=referral\" rel=\"nofollow\">Unsplash<\/a><\/span>                <\/div>\n            <\/div>\n        <\/div>\n    <\/div>\n    <hr class=\"full\">\n    <div class=\"hts-details\">\n                <div class=\"hts-about-story\">\n            <h2 class=\"hts-title\">MY STORY<\/h2>\n            <div class=\"hts-description\">\n                Somos una empresa dedicada a proporcionar soluciones inform\u00e1ticas y tecnol\u00f3gicas para hogares, comercios y empresas. Nuestro objetivo es facilitar la vida de las personas y mejorar la eficiencia de los negocios a trav\u00e9s de la tecnolog\u00eda. Contamos con un equipo altamente capacitado y comprometido en brindar el mejor servicio a nuestros clientes. Conf\u00ede en nosotros para todas sus necesidades inform\u00e1ticas y tecnol\u00f3gicas.            <\/div>\n        <\/div>\n        \n        <div class=\"hts-gallery\">\n            <div class=\"hts-image-wrapper hts-bottom\">\n                <img decoding=\"async\" src=\"https:\/\/images.unsplash.com\/photo-1539627831859-a911cf04d3cd?crop=entropy\" title=\"Photo by Olav Ahrens R\u00f8tne\" alt=\"person playing magic cube\"><span class=\"hts-unsplash-data\">Photo by <a href=\"https:\/\/unsplash.com\/@olav_ahrens?utm_source=hostinger&#038;utm_medium=referral\" rel=\"nofollow\">Olav Ahrens R\u00f8tne<\/a> on <a href=\"https:\/\/unsplash.com\/?utm_source=hostinger&#038;utm_medium=referral\" rel=\"nofollow\">Unsplash<\/a><\/span>            <\/div>\n            <div class=\"hts-image-wrapper hts-bottom\">\n                <img decoding=\"async\" src=\"https:\/\/images.unsplash.com\/photo-1474631245212-32dc3c8310c6?crop=entropy\" title=\"Photo by Riccardo Annandale\" alt=\"man holding incandescent bulb\"><span class=\"hts-unsplash-data\">Photo by <a href=\"https:\/\/unsplash.com\/@pavement_special?utm_source=hostinger&#038;utm_medium=referral\" rel=\"nofollow\">Riccardo Annandale<\/a> on <a href=\"https:\/\/unsplash.com\/?utm_source=hostinger&#038;utm_medium=referral\" rel=\"nofollow\">Unsplash<\/a><\/span>            <\/div>\n        <\/div>\n    <\/div>\n<\/section><section class=\"hts-section hts-newsletter\">\n\t<hr class=\"full\">\n\t<div class=\"wrapper\">\n\t<div>\n\t\t<h3 class=\"hts-title\">Newsletter<\/h3>\n\t\t<p>Subscribe to stay up-to-date with my latest creative projects, insights, and tips.<\/p>\n\t<\/div>\n\t<div class=\"hts-newsletter-block\">\n\t\t<form>\n\t\t\t<input type=\"hidden\" id=\"newsletter_nonce\" name=\"newsletter_nonce\" value=\"c0a36b17b2\" \/><input type=\"hidden\" name=\"_wp_http_referer\" value=\"\/index.php\/wp-json\/wp\/v2\/pages\/8\" \/>\t\t\t<label for=\"hts-newsletter-email\">Email<\/label>\n\t\t\t<input type=\"email\"\n\t\t\t       id=\"hts-newsletter-email\"\n\t\t\t       name=\"newsletter_email\"\n\t\t\t       placeholder=\"What\u2019s your email?\">\n\t\t\t<div class=\"validate-message\"><\/div>\n\t\t\t<div class=\"hts-privacy-agree\">\n\t\t\t\t<label class=\"hts-form-control\">\n\t\t\t\t<input type=\"checkbox\" id=\"privacy-policy-checkbox\" name=\"privacy_policy\" required>\n\t\t\t\t<\/label>\n\t\t\t\t<span>\n\t\t\t\t\tI consent to use of my email address for the purpose of receiving newsletters as described in <a href=\"\" target=\"_blank\">Privacy Policy<\/a>, which I have read. I may withdraw my consent at any time.\t\t\t\t<\/span>\n\t\t\t<\/div>\n\t\t\t<input type=\"submit\" class=\"btn primary\" value=\"Subscribe\"\/>\n\t\t<\/form>\n\t<\/div>\n\t<\/div>\n<\/section>","protected":false},"excerpt":{"rendered":"","protected":false},"author":1,"featured_media":0,"parent":0,"menu_order":0,"comment_status":"closed","ping_status":"closed","template":"","meta":{"footnotes":""},"_links":{"self":[{"href":"https:\/\/nyfsolucionesit.com\/index.php\/wp-json\/wp\/v2\/pages\/8"}],"collection":[{"href":"https:\/\/nyfsolucionesit.com\/index.php\/wp-json\/wp\/v2\/pages"}],"about":[{"href":"https:\/\/nyfsolucionesit.com\/index.php\/wp-json\/wp\/v2\/types\/page"}],"author":[{"embeddable":true,"href":"https:\/\/nyfsolucionesit.com\/index.php\/wp-json\/wp\/v2\/users\/1"}],"replies":[{"embeddable":true,"href":"https:\/\/nyfsolucionesit.com\/index.php\/wp-json\/wp\/v2\/comments?post=8"}],"version-history":[{"count":0,"href":"https:\/\/nyfsolucionesit.com\/index.php\/wp-json\/wp\/v2\/pages\/8\/revisions"}],"wp:attachment":[{"href":"https:\/\/nyfsolucionesit.com\/index.php\/wp-json\/wp\/v2\/media?parent=8"}],"curies":[{"name":"wp","href":"https:\/\/api.w.org\/{rel}","templated":true}]}}